{"id":25,"date":"2021-04-09T17:59:05","date_gmt":"2021-04-09T15:59:05","guid":{"rendered":"http:\/\/vive-la-vie-montessori.fr\/?page_id=25"},"modified":"2025-05-15T10:43:24","modified_gmt":"2025-05-15T08:43:24","slug":"stage-2eme-niveau-les-quatre-operations","status":"publish","type":"page","link":"https:\/\/vive-la-vie-montessori.fr\/index.php\/stage-2eme-niveau-les-quatre-operations\/","title":{"rendered":"Formation 2\u00e8me niveau : les quatre op\u00e9rations"},"content":{"rendered":"\n<p><strong>(ouvert aux personnes ayant fait le 1er niveau)<\/strong><\/p>\n\n\n\n<p><strong>Objectif :<\/strong><br><br>Permettre aux stagiaires :<\/p>\n\n\n\n<ul>\n<li>D\u2019acqu\u00e9rir les techniques de pr\u00e9sentation des op\u00e9rations de calcul de la p\u00e9dagogie Montessori.<\/li>\n\n\n\n<li>D\u2019identifier les connaissances et les besoins de l\u2019enfant.<\/li>\n\n\n\n<li>De pr\u00e9senter les exercices correspondants \u00e0 ces connaissances\/besoins et de faire progresser l\u2019enfant.<\/li>\n<\/ul>\n\n\n\n<p><strong>M\u00e9thodes et moyens p\u00e9dagogiques :<\/strong><br><br>Le stage comprend des apports th\u00e9oriques et de la manipulation pratique sur le mat\u00e9riel p\u00e9dagogique de Maria Montessori.<\/p>\n\n\n\n<p><strong>Contenu&nbsp;:<\/strong><br><br>Le mat\u00e9riel sensoriel de calcul&nbsp; mis au point par Maria Montessori permet \u00e0 l\u2019enfant de saisir le concept, de le vivre et d\u2019aller progressivement vers l\u2019abstraction. C\u2019est un mat\u00e9riel scientifique qui suit le d\u00e9veloppement naturel de progression de l\u2019enfant dans le calcul.<\/p>\n\n\n\n<p>Ce mat\u00e9riel est construit sur des donn\u00e9es scientifiques : le syst\u00e8me d\u00e9cimal&#8230;<\/p>\n\n\n\n<p><strong>But&nbsp;:<\/strong><br><br>Amener l\u2019enfant \u00e0&nbsp; l\u2019abstraction dans l\u2019addition, la soustraction, la multiplication et la division.<\/p>\n\n\n\n<p>Pour cela Maria Montessori a mis au point une s\u00e9rie d\u2019exercices qui permettent de faire progresser l\u2019enfant de mani\u00e8re autonome.<br><br>&nbsp;<strong><u>L\u2019addition :<\/u><\/strong><\/p>\n\n\n\n<ul>\n<li>L\u2019addition statique avec la banque.<\/li>\n\n\n\n<li>Le change.<\/li>\n\n\n\n<li>L\u2019addition dynamique avec la banque.<\/li>\n\n\n\n<li>Le compter en sautant.<\/li>\n\n\n\n<li>L\u2019addition statique avec les timbres.<\/li>\n\n\n\n<li>L\u2019addition dynamique avec les timbres.<\/li>\n\n\n\n<li>L\u2019addition statique avec lignes hi\u00e9rarchiques.<\/li>\n\n\n\n<li>L\u2019addition dynamique avec lignes hi\u00e9rarchiques.<\/li>\n\n\n\n<li>L\u2019addition avec la table des points.<\/li>\n\n\n\n<li>La m\u00e9morisation des tables d\u2019addition.<\/li>\n\n\n\n<li>Des exercices d\u2019application.<\/li>\n<\/ul>\n\n\n\n<p><strong>La soustraction :<\/strong><\/p>\n\n\n\n<ul>\n<li>La soustraction statique avec banque.<\/li>\n\n\n\n<li>La soustraction dynamique avec banque.<\/li>\n\n\n\n<li>Le serpent n\u00e9gatif sans change.<\/li>\n\n\n\n<li>Le serpent n\u00e9gatif avec change.<\/li>\n\n\n\n<li>La soustraction statique avec timbre.<\/li>\n\n\n\n<li>La soustraction dynamique avec timbre.<\/li>\n\n\n\n<li>La soustraction statique avec lignes hi\u00e9rarchiques.<\/li>\n\n\n\n<li>La soustraction dynamique avec lignes hi\u00e9rarchiques.<\/li>\n\n\n\n<li>La m\u00e9morisation des tables de soustraction.<\/li>\n\n\n\n<li>Des exercices d\u2019application.<\/li>\n<\/ul>\n\n\n\n<p><strong>La multiplication&nbsp;:<\/strong><\/p>\n\n\n\n<ul>\n<li>La multiplication statique avec banque.<\/li>\n\n\n\n<li>La multiplication dynamique avec banque.<\/li>\n\n\n\n<li>La multiplication statique avec les timbres.<\/li>\n\n\n\n<li>La multiplication dynamique avec les timbres.<\/li>\n\n\n\n<li>La multiplication statique avec lignes hi\u00e9rarchiques.<\/li>\n\n\n\n<li>La multiplication dynamique avec lignes hi\u00e9rarchiques.<\/li>\n\n\n\n<li>La multiplication statique avec le tableau \u00e0 damier.<\/li>\n\n\n\n<li>La multiplication dynamique avec le tableau \u00e0 damier.<\/li>\n\n\n\n<li>La m\u00e9morisation des tables de multiplication.<\/li>\n\n\n\n<li>La table de Pythagore.<\/li>\n\n\n\n<li>Des exercices d\u2019application.<\/li>\n<\/ul>\n\n\n\n<p><strong>La division&nbsp;:<\/strong><\/p>\n\n\n\n<ul>\n<li>La division statique avec banque avec un chiffre au diviseur.<\/li>\n\n\n\n<li>La division dynamique avec banque avec un chiffre au diviseur.<\/li>\n\n\n\n<li>La division statique avec banque avec plusieurs chiffres au diviseur.<\/li>\n\n\n\n<li>La division dynamique avec banque avec plusieurs chiffres au diviseur.<\/li>\n\n\n\n<li>La division statique avec timbre.<\/li>\n\n\n\n<li>La division dynamique avec timbre.<\/li>\n\n\n\n<li>Des exercices d\u2019application.<\/li>\n<\/ul>\n\n\n\n<p><strong>Les fractions&nbsp;:<\/strong><\/p>\n\n\n\n<ul>\n<li>Le plateau des fractions.<\/li>\n\n\n\n<li>L\u2019\u00e9criture des fractions.<\/li>\n\n\n\n<li>L\u2019addition des fractions.<\/li>\n\n\n\n<li>La soustraction des fractions.<\/li>\n\n\n\n<li>La multiplication des fractions par un nombre entier.<\/li>\n\n\n\n<li>Des exercices d\u2019application.<\/li>\n<\/ul>\n\n\n\n<p><strong>Le boulier&nbsp;:<\/strong><\/p>\n\n\n\n<ul>\n<li>L\u2019addition avec le boulier.<\/li>\n\n\n\n<li>La soustraction avec le boulier.<\/li>\n\n\n\n<li>Des exercices d\u2019application.<\/li>\n<\/ul>\n\n\n\n<p><strong>Stage ouvert aux&nbsp;&nbsp;personnes qui ont d\u00e9j\u00e0 fait le 1er niveau: <\/strong><\/p>\n\n\n\n<p class=\"has-accent-color has-text-color\"><\/p>\n\n\n\n<p class=\"has-accent-color has-text-color\"><\/p>\n\n\n\n<p class=\"has-accent-color has-text-color\"><\/p>\n\n\n\n<p><strong>TARIF FINANCEMENT PERSONNEL : 456EUROS<\/strong><\/p>\n\n\n\n<p><strong>TARIF FINANCEMENT FORMATION PROFESSIONNELLE 556 \u20ac<\/strong><br><\/p>\n\n\n\n<p>PR\u00c9VOIR<strong> 3 MOIS D&rsquo;AVANCE POUR LA PRISE EN CHARGE AU TITRE DE LA FORMATION PROFESSIONNELLE. <br><br>Possibilit\u00e9 de prise en charge au titre de&nbsp;la formation professionnelle.<br><\/strong><em><br>\u00ab\u00a0D\u00e9claration d&rsquo;activit\u00e9 enregistr\u00e9e sous le num\u00e9ro 73 82 00590 82. Cet enregistrement ne vaut pas agr\u00e9ment de l&rsquo;Etat.\u00a0\u00bb<\/em><\/p>\n\n\n\n<p>&gt;NOS FORMATIONS SONT D\u00c9SORMAIS<strong> REFERENCES AU DATADOCK<\/strong><\/p>\n\n\n\n<p class=\"has-text-align-center\"><a href=\"http:\/\/vive-la-vie-montessori.fr\/index.php\/inscription-adulte\/\"><strong><span class=\"has-inline-color has-accent-color\">Inscription adulte<\/span><\/strong><\/a><\/p>\n\n\n\n<p>pour du mat\u00e9riel voici une adresse:<\/p>\n\n\n\n<p><strong> <\/strong><a href=\"https:\/\/montessori-homemade.com\"> https:\/\/montessori-homemade.com<\/a><\/p>\n","protected":false},"excerpt":{"rendered":"<p>(ouvert aux personnes ayant fait le 1er niveau) Objectif : Permettre aux stagiaires : M\u00e9thodes et moyens p\u00e9dagogiques : Le stage comprend des apports th\u00e9oriques et de la manipulation pratique sur le mat\u00e9riel p\u00e9dagogique de Maria Montessori. Contenu&nbsp;: Le mat\u00e9riel sensoriel de calcul&nbsp; mis au point par Maria Montessori permet \u00e0 l\u2019enfant de saisir le [&hellip;]<\/p>\n","protected":false},"author":1,"featured_media":0,"parent":0,"menu_order":0,"comment_status":"closed","ping_status":"closed","template":"","meta":{"footnotes":""},"_links":{"self":[{"href":"https:\/\/vive-la-vie-montessori.fr\/index.php\/wp-json\/wp\/v2\/pages\/25"}],"collection":[{"href":"https:\/\/vive-la-vie-montessori.fr\/index.php\/wp-json\/wp\/v2\/pages"}],"about":[{"href":"https:\/\/vive-la-vie-montessori.fr\/index.php\/wp-json\/wp\/v2\/types\/page"}],"author":[{"embeddable":true,"href":"https:\/\/vive-la-vie-montessori.fr\/index.php\/wp-json\/wp\/v2\/users\/1"}],"replies":[{"embeddable":true,"href":"https:\/\/vive-la-vie-montessori.fr\/index.php\/wp-json\/wp\/v2\/comments?post=25"}],"version-history":[{"count":18,"href":"https:\/\/vive-la-vie-montessori.fr\/index.php\/wp-json\/wp\/v2\/pages\/25\/revisions"}],"predecessor-version":[{"id":160,"href":"https:\/\/vive-la-vie-montessori.fr\/index.php\/wp-json\/wp\/v2\/pages\/25\/revisions\/160"}],"wp:attachment":[{"href":"https:\/\/vive-la-vie-montessori.fr\/index.php\/wp-json\/wp\/v2\/media?parent=25"}],"curies":[{"name":"wp","href":"https:\/\/api.w.org\/{rel}","templated":true}]}}