{"id":32,"date":"2021-04-09T18:08:03","date_gmt":"2021-04-09T16:08:03","guid":{"rendered":"http:\/\/vive-la-vie-montessori.fr\/?page_id=32"},"modified":"2025-05-15T10:48:38","modified_gmt":"2025-05-15T08:48:38","slug":"stage-adulte-le-francais","status":"publish","type":"page","link":"https:\/\/vive-la-vie-montessori.fr\/index.php\/stage-adulte-le-francais\/","title":{"rendered":"Formation : le fran\u00e7ais"},"content":{"rendered":"\n<p>Le fran\u00e7ais avec Maria Montessori : <\/p>\n\n\n\n<ul>\n<li>Dict\u00e9e muette<\/li>\n\n\n\n<li>Les billets de lecture<\/li>\n\n\n\n<li>Le carnet d&rsquo;orthographe<\/li>\n\n\n\n<li>Nature du mot<\/li>\n\n\n\n<li>Fonction du mot<\/li>\n\n\n\n<li>&#8230;&#8230;.<\/li>\n<\/ul>\n\n\n\n<p class=\"has-accent-color has-text-color has-link-color wp-elements-4c55a6ecf3190b979ea6239ba15d6219\"><\/p>\n\n\n\n<p><strong>TARIF FINANCEMENT PERSONNEL : 92 EUROS<\/strong><\/p>\n\n\n\n<p><strong>TARIF FINANCEMENT FORMATION PROFESSIONNELLE 240 \u20ac<\/strong><\/p>\n\n\n\n<p>PR\u00c9VOIR<strong> 3 MOIS D\u2019AVANCE POUR LA PRISE EN CHARGE AU TITRE DE LA FORMATION PROFESSIONNELLE.<br><br>Possibilit\u00e9 de prise en charge au titre de&nbsp;la formation professionnelle.<br><\/strong><em><br>\u00ab&nbsp;D\u00e9claration d\u2019activit\u00e9 enregistr\u00e9e sous le num\u00e9ro 73 82 00590 82. Cet enregistrement ne vaut pas agr\u00e9ment de l\u2019Etat.&nbsp;\u00bb<\/em><\/p>\n\n\n\n<p>&gt;NOS FORMATIONS SONT D\u00c9SORMAIS<strong> REFERENCES AU DATADOCK<\/strong><\/p>\n\n\n\n<p class=\"has-text-align-center\"><a href=\"http:\/\/vive-la-vie-montessori.fr\/index.php\/inscription-adulte\/\"><strong><span class=\"has-inline-color has-accent-color\">Inscription adulte<\/span><\/strong><\/a><\/p>\n\n\n\n<p>pour du mat\u00e9riel voici une adresse:<\/p>\n\n\n\n<p><strong><a href=\"https:\/\/montessori-homemade.com\">https:\/\/montessori-homemade.com<\/a><\/strong><\/p>\n","protected":false},"excerpt":{"rendered":"<p>Le fran\u00e7ais avec Maria Montessori : TARIF FINANCEMENT PERSONNEL : 92 EUROS TARIF FINANCEMENT FORMATION PROFESSIONNELLE 240 \u20ac PR\u00c9VOIR 3 MOIS D\u2019AVANCE POUR LA PRISE EN CHARGE AU TITRE DE LA FORMATION PROFESSIONNELLE. Possibilit\u00e9 de prise en charge au titre de&nbsp;la formation professionnelle.\u00ab&nbsp;D\u00e9claration d\u2019activit\u00e9 enregistr\u00e9e sous le num\u00e9ro 73 82 00590 82. Cet enregistrement ne [&hellip;]<\/p>\n","protected":false},"author":1,"featured_media":0,"parent":0,"menu_order":0,"comment_status":"closed","ping_status":"closed","template":"","meta":{"footnotes":""},"_links":{"self":[{"href":"https:\/\/vive-la-vie-montessori.fr\/index.php\/wp-json\/wp\/v2\/pages\/32"}],"collection":[{"href":"https:\/\/vive-la-vie-montessori.fr\/index.php\/wp-json\/wp\/v2\/pages"}],"about":[{"href":"https:\/\/vive-la-vie-montessori.fr\/index.php\/wp-json\/wp\/v2\/types\/page"}],"author":[{"embeddable":true,"href":"https:\/\/vive-la-vie-montessori.fr\/index.php\/wp-json\/wp\/v2\/users\/1"}],"replies":[{"embeddable":true,"href":"https:\/\/vive-la-vie-montessori.fr\/index.php\/wp-json\/wp\/v2\/comments?post=32"}],"version-history":[{"count":12,"href":"https:\/\/vive-la-vie-montessori.fr\/index.php\/wp-json\/wp\/v2\/pages\/32\/revisions"}],"predecessor-version":[{"id":161,"href":"https:\/\/vive-la-vie-montessori.fr\/index.php\/wp-json\/wp\/v2\/pages\/32\/revisions\/161"}],"wp:attachment":[{"href":"https:\/\/vive-la-vie-montessori.fr\/index.php\/wp-json\/wp\/v2\/media?parent=32"}],"curies":[{"name":"wp","href":"https:\/\/api.w.org\/{rel}","templated":true}]}}