{"id":42,"date":"2021-04-09T18:18:35","date_gmt":"2021-04-09T16:18:35","guid":{"rendered":"http:\/\/vive-la-vie-montessori.fr\/?page_id=42"},"modified":"2022-11-16T20:59:25","modified_gmt":"2022-11-16T19:59:25","slug":"inscription-enfant","status":"publish","type":"page","link":"https:\/\/vive-la-vie-montessori.fr\/index.php\/inscription-enfant\/","title":{"rendered":"Inscription enfant"},"content":{"rendered":"\n<p>FICHE D\u2019INSCRIPTION ATELIERS ANIMATIONS ET MONTESSORI<\/p>\n\n\n\n<p><strong>Montessori &#8211;&nbsp;inscription<\/strong><\/p>\n\n\n\n<p>FICHE D\u2019INSCRIPTION STAGE ENFANTS<\/p>\n\n\n\n<p>VOS COORDONNEES&nbsp;:<\/p>\n\n\n\n<p>Nom et pr\u00e9nom de votre enfant :<br>Sa date de naissance :<\/p>\n\n\n\n<p>Nom et pr\u00e9noms des parents : &nbsp;&nbsp;&nbsp;&nbsp;&nbsp;&nbsp;&nbsp;&nbsp;&nbsp;&nbsp;&nbsp;&nbsp;&nbsp;&nbsp;&nbsp;&nbsp;&nbsp;&nbsp;&nbsp;&nbsp;&nbsp;&nbsp;&nbsp;&nbsp;&nbsp;&nbsp;&nbsp;&nbsp;&nbsp;&nbsp;&nbsp;&nbsp;&nbsp;&nbsp;&nbsp;&nbsp;&nbsp;&nbsp;&nbsp;&nbsp;&nbsp;&nbsp;&nbsp;&nbsp;&nbsp;&nbsp;&nbsp;&nbsp;&nbsp;&nbsp;&nbsp;&nbsp;&nbsp;&nbsp;<\/p>\n\n\n\n<p>Adresse :<br><br>T\u00e9l\u00e9phone (domicile, portable, travail) :<br><br>Email :<\/p>\n\n\n\n<p>Au besoin autre renseignement utile sur votre enfant&nbsp;:<\/p>\n\n\n\n<p>AUTORISATION PARENTALE&nbsp;:<\/p>\n\n\n\n<p>Je soussign\u00e9&nbsp;:<\/p>\n\n\n\n<p>Ayant l\u2019autorit\u00e9 parentale concernant l\u2019enfant&nbsp;:<\/p>\n\n\n\n<p>L\u2019autorise \u00e0 suivre les activit\u00e9s de \u00ab&nbsp;Vive La Vie&nbsp;\u00bb au si\u00e8ge de l\u2019association et aussi \u00e0 l\u2019ext\u00e9rieur.<\/p>\n\n\n\n<p>J\u2019autorise tous les membres de l\u2019association \u00e0 prendre toutes les mesures n\u00e9cessaires pour la sauvegarde de mon enfant en cas d\u2019accident ou d&rsquo;une maladie aigu\u00eb \u00e0 \u00e9volution rapide et j&rsquo;autorise son anesth\u00e9sie s&rsquo;il aurait \u00e0 subir une intervention chirurgicale en urgence.<\/p>\n\n\n\n<p>Nom du m\u00e9decin traitant&nbsp;:<\/p>\n\n\n\n<p>Adresse et t\u00e9l\u00e9phone&nbsp;:<\/p>\n\n\n\n<p>Signature des parents ou tuteurs&nbsp;:<\/p>\n\n\n\n<p>N\u2019OUBLIEZ PAS D\u2019AMENER&nbsp;:<\/p>\n\n\n\n<ul>\n<li>Une paire de chausson<\/li>\n\n\n\n<li>Le r\u00e8glement<\/li>\n\n\n\n<li>Et cette feuille remplie et sign\u00e9e&nbsp;&nbsp;&nbsp;&nbsp;&nbsp;&nbsp;&nbsp;&nbsp;&nbsp;&nbsp;&nbsp;&nbsp;&nbsp;&nbsp;&nbsp;&nbsp;&nbsp;&nbsp;&nbsp;&nbsp;&nbsp;&nbsp;<\/li>\n<\/ul>\n\n\n\n<p class=\"has-text-align-center\">Vive la vie, 305 route de Braguillou, 82170 FABAS. Tel\u00a0: 05-63-02-62-45, mail\u00a0:\u00a0<\/p>\n\n\n\n<p>                                      vive.la.vie.82000@gmail.com<\/p>\n\n\n\n<p class=\"has-text-align-center\"><a href=\"http:\/\/www.vive-la-vie-montessori.fr\/\">www.vive-la-vie-montessori.fr<\/a>, n\u00b0siren :&nbsp;49292721500011, APE : 9499 Z.<\/p>\n","protected":false},"excerpt":{"rendered":"<p>FICHE D\u2019INSCRIPTION ATELIERS ANIMATIONS ET MONTESSORI Montessori &#8211;&nbsp;inscription FICHE D\u2019INSCRIPTION STAGE ENFANTS VOS COORDONNEES&nbsp;: Nom et pr\u00e9nom de votre enfant :Sa date de naissance : Nom et pr\u00e9noms des parents : &nbsp;&nbsp;&nbsp;&nbsp;&nbsp;&nbsp;&nbsp;&nbsp;&nbsp;&nbsp;&nbsp;&nbsp;&nbsp;&nbsp;&nbsp;&nbsp;&nbsp;&nbsp;&nbsp;&nbsp;&nbsp;&nbsp;&nbsp;&nbsp;&nbsp;&nbsp;&nbsp;&nbsp;&nbsp;&nbsp;&nbsp;&nbsp;&nbsp;&nbsp;&nbsp;&nbsp;&nbsp;&nbsp;&nbsp;&nbsp;&nbsp;&nbsp;&nbsp;&nbsp;&nbsp;&nbsp;&nbsp;&nbsp;&nbsp;&nbsp;&nbsp;&nbsp;&nbsp;&nbsp; Adresse : T\u00e9l\u00e9phone (domicile, portable, travail) : Email : Au besoin autre renseignement utile sur votre enfant&nbsp;: AUTORISATION PARENTALE&nbsp;: Je soussign\u00e9&nbsp;: Ayant l\u2019autorit\u00e9 [&hellip;]<\/p>\n","protected":false},"author":1,"featured_media":0,"parent":0,"menu_order":0,"comment_status":"closed","ping_status":"closed","template":"","meta":{"footnotes":""},"_links":{"self":[{"href":"https:\/\/vive-la-vie-montessori.fr\/index.php\/wp-json\/wp\/v2\/pages\/42"}],"collection":[{"href":"https:\/\/vive-la-vie-montessori.fr\/index.php\/wp-json\/wp\/v2\/pages"}],"about":[{"href":"https:\/\/vive-la-vie-montessori.fr\/index.php\/wp-json\/wp\/v2\/types\/page"}],"author":[{"embeddable":true,"href":"https:\/\/vive-la-vie-montessori.fr\/index.php\/wp-json\/wp\/v2\/users\/1"}],"replies":[{"embeddable":true,"href":"https:\/\/vive-la-vie-montessori.fr\/index.php\/wp-json\/wp\/v2\/comments?post=42"}],"version-history":[{"count":4,"href":"https:\/\/vive-la-vie-montessori.fr\/index.php\/wp-json\/wp\/v2\/pages\/42\/revisions"}],"predecessor-version":[{"id":114,"href":"https:\/\/vive-la-vie-montessori.fr\/index.php\/wp-json\/wp\/v2\/pages\/42\/revisions\/114"}],"wp:attachment":[{"href":"https:\/\/vive-la-vie-montessori.fr\/index.php\/wp-json\/wp\/v2\/media?parent=42"}],"curies":[{"name":"wp","href":"https:\/\/api.w.org\/{rel}","templated":true}]}}