{"id":7,"date":"2021-04-09T17:29:43","date_gmt":"2021-04-09T15:29:43","guid":{"rendered":"http:\/\/vive-la-vie-montessori.fr\/?page_id=7"},"modified":"2023-01-06T08:13:00","modified_gmt":"2023-01-06T07:13:00","slug":"stage-enfants","status":"publish","type":"page","link":"https:\/\/vive-la-vie-montessori.fr\/index.php\/stage-enfants\/","title":{"rendered":"Stage enfants"},"content":{"rendered":"\n<p>STAGE VACANCES <br>&#8230;<br><br>POUR ENFANTS DE 5 A 11 ANS\u00a0 (MAXIMUM 10 ENFANTS)<\/p>\n\n\n\n<figure class=\"wp-block-gallery has-nested-images columns-default is-cropped wp-block-gallery-1 is-layout-flex wp-block-gallery-is-layout-flex\">\n<figure class=\"wp-block-image size-large\"><img loading=\"lazy\" decoding=\"async\" width=\"283\" height=\"213\" data-id=\"8\" src=\"http:\/\/vive-la-vie-montessori.fr\/wp-content\/uploads\/2021\/04\/image.png\" alt=\"\" class=\"wp-image-8\"\/><\/figure>\n\n\n\n<figure class=\"wp-block-image size-large\"><img loading=\"lazy\" decoding=\"async\" width=\"1024\" height=\"768\" data-id=\"10\" src=\"http:\/\/vive-la-vie-montessori.fr\/wp-content\/uploads\/2021\/04\/image-2-1024x768.png\" alt=\"\" class=\"wp-image-10\" srcset=\"https:\/\/vive-la-vie-montessori.fr\/wp-content\/uploads\/2021\/04\/image-2-1024x768.png 1024w, https:\/\/vive-la-vie-montessori.fr\/wp-content\/uploads\/2021\/04\/image-2-300x225.png 300w, https:\/\/vive-la-vie-montessori.fr\/wp-content\/uploads\/2021\/04\/image-2-768x576.png 768w, https:\/\/vive-la-vie-montessori.fr\/wp-content\/uploads\/2021\/04\/image-2-1536x1152.png 1536w, https:\/\/vive-la-vie-montessori.fr\/wp-content\/uploads\/2021\/04\/image-2-2048x1536.png 2048w, https:\/\/vive-la-vie-montessori.fr\/wp-content\/uploads\/2021\/04\/image-2-1200x900.png 1200w, https:\/\/vive-la-vie-montessori.fr\/wp-content\/uploads\/2021\/04\/image-2-1980x1485.png 1980w\" sizes=\"(max-width: 1024px) 100vw, 1024px\" \/><\/figure>\n<\/figure>\n\n\n\n<p>LES MATINS : ateliers Montessori, les enfants sont admis \u00e0 partir de 3 ans<\/p>\n\n\n\n<figure class=\"wp-block-gallery has-nested-images columns-default is-cropped wp-block-gallery-2 is-layout-flex wp-block-gallery-is-layout-flex\">\n<figure class=\"wp-block-image size-large\"><img loading=\"lazy\" decoding=\"async\" width=\"106\" height=\"142\" data-id=\"9\" src=\"http:\/\/vive-la-vie-montessori.fr\/wp-content\/uploads\/2021\/04\/image-1.png\" alt=\"\" class=\"wp-image-9\"\/><\/figure>\n\n\n\n<figure class=\"wp-block-image size-large\"><img loading=\"lazy\" decoding=\"async\" width=\"142\" height=\"189\" data-id=\"11\" src=\"http:\/\/vive-la-vie-montessori.fr\/wp-content\/uploads\/2021\/04\/image-3.png\" alt=\"\" class=\"wp-image-11\"\/><\/figure>\n\n\n\n<figure class=\"wp-block-image size-large\"><img loading=\"lazy\" decoding=\"async\" width=\"142\" height=\"189\" data-id=\"12\" src=\"http:\/\/vive-la-vie-montessori.fr\/wp-content\/uploads\/2021\/04\/image-4.png\" alt=\"\" class=\"wp-image-12\"\/><\/figure>\n\n\n\n<figure class=\"wp-block-image size-large\"><img loading=\"lazy\" decoding=\"async\" width=\"142\" height=\"106\" data-id=\"13\" src=\"http:\/\/vive-la-vie-montessori.fr\/wp-content\/uploads\/2021\/04\/image-5.png\" alt=\"\" class=\"wp-image-13\"\/><\/figure>\n<\/figure>\n\n\n\n<div class=\"wp-block-columns is-layout-flex wp-container-core-columns-is-layout-1 wp-block-columns-is-layout-flex\">\n<div class=\"wp-block-column is-layout-flow wp-block-column-is-layout-flow\" style=\"flex-basis:100%\">\n<p>LES APR\u00c8S-MIDI : ateliers cr\u00e9atifs, manuels, d\u00e9couverte de la nature, jeux&#8230;<\/p>\n\n\n\n<h4 class=\"wp-block-heading\" id=\"a-la-carte\"><strong>\u00e0 la carte:<\/strong><\/h4>\n\n\n\n<p>un matin au choix de 9h30 \u00e0 12h30&nbsp;: 15 \u20ac (\u00e0 partir de 3 ans)<\/p>\n\n\n\n<p>la semaine stage 5 matin\u00e9es de 9h30 \u00e0 12h30 : 75 \u20ac (\u00e0 partir de 3 ans)<\/p>\n\n\n\n<p>une journ\u00e9e au choix de 9h30 \u00e0 17h00 : 30 \u20ac (de 5 \u00e0 11 ans)<\/p>\n\n\n\n<p>la semaine stage 5 journ\u00e9es &nbsp;de 9h30 \u00e0 17h00 : 150 \u20ac (de 5 \u00e0 11 ans)<\/p>\n\n\n\n<p><br>N&rsquo;h\u00e9sitez pas \u00e0 nous appeler pour tout renseignement suppl\u00e9mentaire sur le contenu, les horaires ou autres &#8230;<\/p>\n\n\n\n<p class=\"has-text-align-center\"><a href=\"http:\/\/vive-la-vie-montessori.fr\/index.php\/inscription-enfant\/\" data-type=\"page\" data-id=\"42\"><strong><span class=\"has-inline-color has-accent-color\">Fiche d&rsquo;inscription<\/span><\/strong><\/a><\/p>\n<\/div>\n<\/div>\n","protected":false},"excerpt":{"rendered":"<p>STAGE VACANCES &#8230; POUR ENFANTS DE 5 A 11 ANS\u00a0 (MAXIMUM 10 ENFANTS) LES MATINS : ateliers Montessori, les enfants sont admis \u00e0 partir de 3 ans LES APR\u00c8S-MIDI : ateliers cr\u00e9atifs, manuels, d\u00e9couverte de la nature, jeux&#8230; \u00e0 la carte: un matin au choix de 9h30 \u00e0 12h30&nbsp;: 15 \u20ac (\u00e0 partir de 3 [&hellip;]<\/p>\n","protected":false},"author":1,"featured_media":0,"parent":0,"menu_order":0,"comment_status":"closed","ping_status":"closed","template":"","meta":{"footnotes":""},"_links":{"self":[{"href":"https:\/\/vive-la-vie-montessori.fr\/index.php\/wp-json\/wp\/v2\/pages\/7"}],"collection":[{"href":"https:\/\/vive-la-vie-montessori.fr\/index.php\/wp-json\/wp\/v2\/pages"}],"about":[{"href":"https:\/\/vive-la-vie-montessori.fr\/index.php\/wp-json\/wp\/v2\/types\/page"}],"author":[{"embeddable":true,"href":"https:\/\/vive-la-vie-montessori.fr\/index.php\/wp-json\/wp\/v2\/users\/1"}],"replies":[{"embeddable":true,"href":"https:\/\/vive-la-vie-montessori.fr\/index.php\/wp-json\/wp\/v2\/comments?post=7"}],"version-history":[{"count":11,"href":"https:\/\/vive-la-vie-montessori.fr\/index.php\/wp-json\/wp\/v2\/pages\/7\/revisions"}],"predecessor-version":[{"id":122,"href":"https:\/\/vive-la-vie-montessori.fr\/index.php\/wp-json\/wp\/v2\/pages\/7\/revisions\/122"}],"wp:attachment":[{"href":"https:\/\/vive-la-vie-montessori.fr\/index.php\/wp-json\/wp\/v2\/media?parent=7"}],"curies":[{"name":"wp","href":"https:\/\/api.w.org\/{rel}","templated":true}]}}